{"id":28,"date":"2024-12-15T11:37:39","date_gmt":"2024-12-15T11:37:39","guid":{"rendered":"http:\/\/31.217.196.205\/~fuxwjtyp\/wp\/?page_id=28"},"modified":"2025-02-11T12:32:18","modified_gmt":"2025-02-11T12:32:18","slug":"palvelut","status":"publish","type":"page","link":"https:\/\/hamarakennus.fi\/index.php\/palvelut\/","title":{"rendered":"Palvelut"},"content":{"rendered":"\t\t<div data-elementor-type=\"wp-post\" data-elementor-id=\"28\" class=\"elementor elementor-28\">\n\t\t\t\t<div class=\"elementor-element elementor-element-33f6a92 e-flex e-con-boxed wpr-particle-no wpr-jarallax-no wpr-parallax-no wpr-sticky-section-no wpr-equal-height-no e-con e-parent\" data-id=\"33f6a92\" data-element_type=\"container\" data-e-type=\"container\">\n\t\t\t\t\t<div class=\"e-con-inner\">\n\t\t\t\t<div class=\"elementor-element elementor-element-cd2764b elementor-widget elementor-widget-spacer\" data-id=\"cd2764b\" data-element_type=\"widget\" data-e-type=\"widget\" data-widget_type=\"spacer.default\">\n\t\t\t\t<div class=\"elementor-widget-container\">\n\t\t\t\t\t\t\t<div class=\"elementor-spacer\">\n\t\t\t<div class=\"elementor-spacer-inner\"><\/div>\n\t\t<\/div>\n\t\t\t\t\t\t<\/div>\n\t\t\t\t<\/div>\n\t\t\t\t\t<\/div>\n\t\t\t\t<\/div>\n\t\t<div class=\"elementor-element elementor-element-19c4431 e-con-full e-flex wpr-particle-no wpr-jarallax-no wpr-parallax-no wpr-sticky-section-no wpr-equal-height-no e-con e-parent\" data-id=\"19c4431\" data-element_type=\"container\" data-e-type=\"container\" data-settings=\"{&quot;background_background&quot;:&quot;classic&quot;,&quot;shape_divider_top&quot;:&quot;opacity-tilt&quot;,&quot;shape_divider_bottom&quot;:&quot;opacity-tilt&quot;}\">\n\t\t\t\t<div class=\"elementor-shape elementor-shape-top\" aria-hidden=\"true\" data-negative=\"false\">\n\t\t\t<svg xmlns=\"http:\/\/www.w3.org\/2000\/svg\" viewBox=\"0 0 2600 131.1\" preserveAspectRatio=\"none\">\n\t<path class=\"elementor-shape-fill\" d=\"M0 0L2600 0 2600 69.1 0 0z\"\/>\n\t<path class=\"elementor-shape-fill\" style=\"opacity:0.5\" d=\"M0 0L2600 0 2600 69.1 0 69.1z\"\/>\n\t<path class=\"elementor-shape-fill\" style=\"opacity:0.25\" d=\"M2600 0L0 0 0 130.1 2600 69.1z\"\/>\n<\/svg>\t\t<\/div>\n\t\t\t\t<div class=\"elementor-shape elementor-shape-bottom\" aria-hidden=\"true\" data-negative=\"false\">\n\t\t\t<svg xmlns=\"http:\/\/www.w3.org\/2000\/svg\" viewBox=\"0 0 2600 131.1\" preserveAspectRatio=\"none\">\n\t<path class=\"elementor-shape-fill\" d=\"M0 0L2600 0 2600 69.1 0 0z\"\/>\n\t<path class=\"elementor-shape-fill\" style=\"opacity:0.5\" d=\"M0 0L2600 0 2600 69.1 0 69.1z\"\/>\n\t<path class=\"elementor-shape-fill\" style=\"opacity:0.25\" d=\"M2600 0L0 0 0 130.1 2600 69.1z\"\/>\n<\/svg>\t\t<\/div>\n\t\t<div class=\"elementor-element elementor-element-d661b50 e-flex e-con-boxed wpr-particle-no wpr-jarallax-no wpr-parallax-no wpr-sticky-section-no wpr-equal-height-no e-con e-child\" data-id=\"d661b50\" data-element_type=\"container\" data-e-type=\"container\">\n\t\t\t\t\t<div class=\"e-con-inner\">\n\t\t\t\t<div class=\"elementor-element elementor-element-d30cc5c elementor-widget__width-initial elementor-widget elementor-widget-heading\" data-id=\"d30cc5c\" data-element_type=\"widget\" data-e-type=\"widget\" data-widget_type=\"heading.default\">\n\t\t\t\t<div class=\"elementor-widget-container\">\n\t\t\t\t\t<h2 class=\"elementor-heading-title elementor-size-default\">SANEERAUKSET<\/h2>\t\t\t\t<\/div>\n\t\t\t\t<\/div>\n\t\t\t\t<div class=\"elementor-element elementor-element-371c301 elementor-widget__width-initial elementor-widget elementor-widget-text-editor\" data-id=\"371c301\" data-element_type=\"widget\" data-e-type=\"widget\" data-widget_type=\"text-editor.default\">\n\t\t\t\t<div class=\"elementor-widget-container\">\n\t\t\t\t\t\t\t\t\t<section class=\"elementor-element elementor-element-5e93c49 elementor-section-boxed elementor-section-height-default elementor-section-height-default elementor-section elementor-top-section\" data-id=\"5e93c49\" data-element_type=\"section\"><div class=\"elementor-element elementor-element-e9cdd58 elementor-column elementor-col-100 elementor-top-column\" data-id=\"e9cdd58\" data-element_type=\"column\"><div class=\"elementor-column-wrap elementor-element-populated\"><div class=\"elementor-widget-wrap\"><div class=\"elementor-element elementor-element-1ea62f7 elementor-widget elementor-widget-text-editor\" data-id=\"1ea62f7\" data-element_type=\"widget\" data-widget_type=\"text-editor.default\"><div class=\"elementor-widget-container\"><div class=\"elementor-text-editor elementor-clearfix\"><h4>Toteutamme mm. vesivahinkosaneeraukset, kattoremontit, julkisivuremontit sek\u00e4 sis\u00e4tilaremontit. Teemme huoneistoremontteja pienest\u00e4 pintaremontista isompiin huoneistosaneerauksiin.<\/h4><\/div><\/div><\/div><\/div><\/div><\/div><\/section><section class=\"elementor-element elementor-element-35bea51 elementor-section-boxed elementor-section-height-default elementor-section-height-default elementor-section elementor-top-section\" data-id=\"35bea51\" data-element_type=\"section\"><div class=\"elementor-container elementor-column-gap-default\"><div class=\"elementor-row\"><div class=\"elementor-element elementor-element-21b54ea elementor-column elementor-col-100 elementor-top-column\" data-id=\"21b54ea\" data-element_type=\"column\" data-settings=\"{&quot;background_background&quot;:&quot;classic&quot;,&quot;animation&quot;:&quot;none&quot;}\"><div class=\"elementor-column-wrap elementor-element-populated\"><div class=\"elementor-widget-wrap\"><div class=\"elementor-element elementor-element-7804995 elementor-widget__width-inherit elementor-widget elementor-widget-text-editor\" data-id=\"7804995\" data-element_type=\"widget\" data-settings=\"{&quot;_animation&quot;:&quot;none&quot;}\" data-widget_type=\"text-editor.default\"><div class=\"elementor-widget-container\"><div class=\"elementor-text-editor elementor-clearfix\"><h4>Muista my\u00f6s\u00a0kotitalousv\u00e4hennys. Ostaessa palveluja kotiin tai vapaa-ajan asunnolle, voi v\u00e4hent\u00e4\u00e4 osan kuluista verotuksessa kotitalousv\u00e4hennyksen\u00e4.<\/h4><\/div><\/div><\/div><\/div><\/div><\/div><\/div><\/div><\/section>\t\t\t\t\t\t\t\t<\/div>\n\t\t\t\t<\/div>\n\t\t<div class=\"elementor-element elementor-element-f5cebd1 e-grid e-con-full wpr-particle-no wpr-jarallax-no wpr-parallax-no wpr-sticky-section-no wpr-equal-height-no e-con e-child\" data-id=\"f5cebd1\" data-element_type=\"container\" data-e-type=\"container\">\n\t\t\t\t<\/div>\n\t\t\t\t\t<\/div>\n\t\t\t\t<\/div>\n\t\t\t\t<\/div>\n\t\t<div class=\"elementor-element elementor-element-9ef85b4 e-flex e-con-boxed wpr-particle-no wpr-jarallax-no wpr-parallax-no wpr-sticky-section-no wpr-equal-height-no e-con e-parent\" data-id=\"9ef85b4\" data-element_type=\"container\" data-e-type=\"container\">\n\t\t\t\t\t<div class=\"e-con-inner\">\n\t\t\t\t<div class=\"elementor-element elementor-element-414713a elementor-widget elementor-widget-spacer\" data-id=\"414713a\" data-element_type=\"widget\" data-e-type=\"widget\" data-widget_type=\"spacer.default\">\n\t\t\t\t<div class=\"elementor-widget-container\">\n\t\t\t\t\t\t\t<div class=\"elementor-spacer\">\n\t\t\t<div class=\"elementor-spacer-inner\"><\/div>\n\t\t<\/div>\n\t\t\t\t\t\t<\/div>\n\t\t\t\t<\/div>\n\t\t\t\t\t<\/div>\n\t\t\t\t<\/div>\n\t\t<div class=\"elementor-element elementor-element-b9eebd1 e-flex e-con-boxed wpr-particle-no wpr-jarallax-no wpr-parallax-no wpr-sticky-section-no wpr-equal-height-no e-con e-parent\" data-id=\"b9eebd1\" data-element_type=\"container\" data-e-type=\"container\" data-settings=\"{&quot;background_background&quot;:&quot;classic&quot;}\">\n\t\t\t\t\t<div class=\"e-con-inner\">\n\t\t\t\t<div class=\"elementor-element elementor-element-83bc779 elementor-widget elementor-widget-heading\" data-id=\"83bc779\" data-element_type=\"widget\" data-e-type=\"widget\" data-widget_type=\"heading.default\">\n\t\t\t\t<div class=\"elementor-widget-container\">\n\t\t\t\t\t<h2 class=\"elementor-heading-title elementor-size-default\">Sis\u00e4remontoinnit<\/h2>\t\t\t\t<\/div>\n\t\t\t\t<\/div>\n\t\t\t\t<div class=\"elementor-element elementor-element-2743643 elementor-widget elementor-widget-text-editor\" data-id=\"2743643\" data-element_type=\"widget\" data-e-type=\"widget\" data-widget_type=\"text-editor.default\">\n\t\t\t\t<div class=\"elementor-widget-container\">\n\t\t\t\t\t\t\t\t\t<p>Suunnittelemme ja toteutamme huoneisto- ja liiketila pintaremontit kaikenkattavasti avaimet k\u00e4teen periaatteella. Huoneistojen saneeraukseen voi sis\u00e4lty\u00e4 esimerkiksi parkettien vaihto, ovien, ikkunoiden, kattojen ja muiden pintojen maalausta tai vaikkapa kiintokalusteiden, ovien, listojen ym. asennusta ja vaihtoa.<\/p><p>Teemme huoneistoremontteja pienest\u00e4 pintaremontista isompiin huoneistosaneerauksiin.<\/p>\t\t\t\t\t\t\t\t<\/div>\n\t\t\t\t<\/div>\n\t\t\t\t\t<\/div>\n\t\t\t\t<\/div>\n\t\t<div class=\"elementor-element elementor-element-83a95d0 e-flex e-con-boxed wpr-particle-no wpr-jarallax-no wpr-parallax-no wpr-sticky-section-no wpr-equal-height-no e-con e-parent\" data-id=\"83a95d0\" data-element_type=\"container\" data-e-type=\"container\">\n\t\t\t\t\t<div class=\"e-con-inner\">\n\t\t<div class=\"elementor-element elementor-element-2e6d84c e-grid e-con-full wpr-particle-no wpr-jarallax-no wpr-parallax-no wpr-sticky-section-no wpr-equal-height-no e-con e-child\" data-id=\"2e6d84c\" data-element_type=\"container\" data-e-type=\"container\">\n\t\t\t\t<div class=\"elementor-element elementor-element-54890c1 elementor-view-default elementor-position-block-start elementor-mobile-position-block-start elementor-widget elementor-widget-icon-box\" data-id=\"54890c1\" data-element_type=\"widget\" data-e-type=\"widget\" data-widget_type=\"icon-box.default\">\n\t\t\t\t<div class=\"elementor-widget-container\">\n\t\t\t\t\t\t\t<div class=\"elementor-icon-box-wrapper\">\n\n\t\t\t\t\t\t<div class=\"elementor-icon-box-icon\">\n\t\t\t\t<span  class=\"elementor-icon\">\n\t\t\t\t<svg aria-hidden=\"true\" class=\"e-font-icon-svg e-fas-blender\" viewBox=\"0 0 512 512\" xmlns=\"http:\/\/www.w3.org\/2000\/svg\"><path d=\"M416 384H160c-35.35 0-64 28.65-64 64v32c0 17.67 14.33 32 32 32h320c17.67 0 32-14.33 32-32v-32c0-35.35-28.65-64-64-64zm-128 96c-17.67 0-32-14.33-32-32s14.33-32 32-32 32 14.33 32 32-14.33 32-32 32zm40-416h166.54L512 0H48C21.49 0 0 21.49 0 48v160c0 26.51 21.49 48 48 48h103.27l8.73 96h256l17.46-64H328c-4.42 0-8-3.58-8-8v-16c0-4.42 3.58-8 8-8h114.18l17.46-64H328c-4.42 0-8-3.58-8-8v-16c0-4.42 3.58-8 8-8h140.36l17.46-64H328c-4.42 0-8-3.58-8-8V72c0-4.42 3.58-8 8-8zM64 192V64h69.82l11.64 128H64z\"><\/path><\/svg>\t\t\t\t<\/span>\n\t\t\t<\/div>\n\t\t\t\n\t\t\t\t\t\t<div class=\"elementor-icon-box-content\">\n\n\t\t\t\t\t\t\t\t\t<h5 class=\"elementor-icon-box-title\">\n\t\t\t\t\t\t<span  >\n\t\t\t\t\t\t\tKeitti\u00f6remontoinnit\t\t\t\t\t\t<\/span>\n\t\t\t\t\t<\/h5>\n\t\t\t\t\n\t\t\t\t\t\t\t\t\t<p class=\"elementor-icon-box-description\">\n\t\t\t\t\t\tToteutamme kaikki keitti\u00f6remontit \u201cavaimet\u201d k\u00e4teen periaatteella, jossa sinun ei tarvitse huolehtia kuin keitti\u00f6kalusteiden valinnasta, miss\u00e4 toki my\u00f6s autamme sinua tarvittaessa.\n\nPyyt\u00e4m\u00e4ll\u00e4 paikan p\u00e4\u00e4lle juuri haluamasi keitti\u00f6valmistajan edustajan saa h\u00e4n my\u00f6s parhaiten kuvan mink\u00e4laiset ratkaisut sopivat juuri sinun keitti\u00f6\u00f6si.\n\nMe totta kai my\u00f6s hankimme ja tuomme paikan p\u00e4\u00e4lle kaikki keitti\u00f6kalusteet miten vain sovitaankin.\t\t\t\t\t<\/p>\n\t\t\t\t\n\t\t\t<\/div>\n\t\t\t\n\t\t<\/div>\n\t\t\t\t\t\t<\/div>\n\t\t\t\t<\/div>\n\t\t\t\t<div class=\"elementor-element elementor-element-daed295 elementor-view-default elementor-position-block-start elementor-mobile-position-block-start elementor-widget elementor-widget-icon-box\" data-id=\"daed295\" data-element_type=\"widget\" data-e-type=\"widget\" data-widget_type=\"icon-box.default\">\n\t\t\t\t<div class=\"elementor-widget-container\">\n\t\t\t\t\t\t\t<div class=\"elementor-icon-box-wrapper\">\n\n\t\t\t\t\t\t<div class=\"elementor-icon-box-icon\">\n\t\t\t\t<span  class=\"elementor-icon\">\n\t\t\t\t<svg aria-hidden=\"true\" class=\"e-font-icon-svg e-fas-bath\" viewBox=\"0 0 512 512\" xmlns=\"http:\/\/www.w3.org\/2000\/svg\"><path d=\"M32,384a95.4,95.4,0,0,0,32,71.09V496a16,16,0,0,0,16,16h32a16,16,0,0,0,16-16V480H384v16a16,16,0,0,0,16,16h32a16,16,0,0,0,16-16V455.09A95.4,95.4,0,0,0,480,384V336H32ZM496,256H80V69.25a21.26,21.26,0,0,1,36.28-15l19.27,19.26c-13.13,29.88-7.61,59.11,8.62,79.73l-.17.17A16,16,0,0,0,144,176l11.31,11.31a16,16,0,0,0,22.63,0L283.31,81.94a16,16,0,0,0,0-22.63L272,48a16,16,0,0,0-22.62,0l-.17.17c-20.62-16.23-49.83-21.75-79.73-8.62L150.22,20.28A69.25,69.25,0,0,0,32,69.25V256H16A16,16,0,0,0,0,272v16a16,16,0,0,0,16,16H496a16,16,0,0,0,16-16V272A16,16,0,0,0,496,256Z\"><\/path><\/svg>\t\t\t\t<\/span>\n\t\t\t<\/div>\n\t\t\t\n\t\t\t\t\t\t<div class=\"elementor-icon-box-content\">\n\n\t\t\t\t\t\t\t\t\t<h5 class=\"elementor-icon-box-title\">\n\t\t\t\t\t\t<span  >\n\t\t\t\t\t\t\tKylpyhuoneremontoinnit\t\t\t\t\t\t<\/span>\n\t\t\t\t\t<\/h5>\n\t\t\t\t\n\t\t\t\t\t\t\t\t\t<p class=\"elementor-icon-box-description\">\n\t\t\t\t\t\tKylpyhuoneremontti on rakennusteknisesti vaativin remontti kotonasi ja sen takia se onkin syyt\u00e4 j\u00e4tt\u00e4\u00e4 ammattilaisten harteille, jotta kylpyhuoneestasi tulee viihtyis\u00e4 sek\u00e4 toimiva ja ett\u00e4 se t\u00e4ytt\u00e4\u00e4 kaikki rakennusm\u00e4\u00e4r\u00e4ykset. Meill\u00e4 on kylpyhuoneremontteihin  p\u00e4tev\u00e4t ja koulutetut ammattilaiset sek\u00e4 toteuttamaan, ett\u00e4 valvomaan kylpyhuoneremonttia, jotta sinun kylpyhuoneestasi tulee terveellinen ja toimiva.\t\t\t\t\t<\/p>\n\t\t\t\t\n\t\t\t<\/div>\n\t\t\t\n\t\t<\/div>\n\t\t\t\t\t\t<\/div>\n\t\t\t\t<\/div>\n\t\t\t\t<div class=\"elementor-element elementor-element-2585fb5 elementor-view-default elementor-position-block-start elementor-mobile-position-block-start elementor-widget elementor-widget-icon-box\" data-id=\"2585fb5\" data-element_type=\"widget\" data-e-type=\"widget\" data-widget_type=\"icon-box.default\">\n\t\t\t\t<div class=\"elementor-widget-container\">\n\t\t\t\t\t\t\t<div class=\"elementor-icon-box-wrapper\">\n\n\t\t\t\t\t\t<div class=\"elementor-icon-box-icon\">\n\t\t\t\t<span  class=\"elementor-icon\">\n\t\t\t\t<svg aria-hidden=\"true\" class=\"e-font-icon-svg e-fas-home\" viewBox=\"0 0 576 512\" xmlns=\"http:\/\/www.w3.org\/2000\/svg\"><path d=\"M280.37 148.26L96 300.11V464a16 16 0 0 0 16 16l112.06-.29a16 16 0 0 0 15.92-16V368a16 16 0 0 1 16-16h64a16 16 0 0 1 16 16v95.64a16 16 0 0 0 16 16.05L464 480a16 16 0 0 0 16-16V300L295.67 148.26a12.19 12.19 0 0 0-15.3 0zM571.6 251.47L488 182.56V44.05a12 12 0 0 0-12-12h-56a12 12 0 0 0-12 12v72.61L318.47 43a48 48 0 0 0-61 0L4.34 251.47a12 12 0 0 0-1.6 16.9l25.5 31A12 12 0 0 0 45.15 301l235.22-193.74a12.19 12.19 0 0 1 15.3 0L530.9 301a12 12 0 0 0 16.9-1.6l25.5-31a12 12 0 0 0-1.7-16.93z\"><\/path><\/svg>\t\t\t\t<\/span>\n\t\t\t<\/div>\n\t\t\t\n\t\t\t\t\t\t<div class=\"elementor-icon-box-content\">\n\n\t\t\t\t\t\t\t\t\t<h5 class=\"elementor-icon-box-title\">\n\t\t\t\t\t\t<span  >\n\t\t\t\t\t\t\tPintaremontoinnit\t\t\t\t\t\t<\/span>\n\t\t\t\t\t<\/h5>\n\t\t\t\t\n\t\t\t\t\t\t\t\t\t<p class=\"elementor-icon-box-description\">\n\t\t\t\t\t\tTeemme pintaremontoinnissa perinteisen maalauksen, tapetoinnin, ja lattiamateriaalien tai v\u00e4liovien vaihtojen lis\u00e4ksi sinulle my\u00f6s uusia v\u00e4liseini\u00e4, huoneita, vaatekaappeja, vaatehuoneita, parven, saunan tai mit\u00e4 vain muuta sin\u00e4 tarvitsetkin saadaksesi kodistasi sinun n\u00e4k\u00f6isen.\t\t\t\t\t<\/p>\n\t\t\t\t\n\t\t\t<\/div>\n\t\t\t\n\t\t<\/div>\n\t\t\t\t\t\t<\/div>\n\t\t\t\t<\/div>\n\t\t\t\t<\/div>\n\t\t\t\t<div class=\"elementor-element elementor-element-e68f00c elementor-widget elementor-widget-spacer\" data-id=\"e68f00c\" data-element_type=\"widget\" data-e-type=\"widget\" data-widget_type=\"spacer.default\">\n\t\t\t\t<div class=\"elementor-widget-container\">\n\t\t\t\t\t\t\t<div class=\"elementor-spacer\">\n\t\t\t<div class=\"elementor-spacer-inner\"><\/div>\n\t\t<\/div>\n\t\t\t\t\t\t<\/div>\n\t\t\t\t<\/div>\n\t\t\t\t\t<\/div>\n\t\t\t\t<\/div>\n\t\t<div class=\"elementor-element elementor-element-7521c7b e-con-full e-flex wpr-particle-no wpr-jarallax-no wpr-parallax-no wpr-sticky-section-no wpr-equal-height-no e-con e-parent\" data-id=\"7521c7b\" data-element_type=\"container\" data-e-type=\"container\" data-settings=\"{&quot;background_background&quot;:&quot;classic&quot;,&quot;shape_divider_top&quot;:&quot;opacity-tilt&quot;,&quot;shape_divider_bottom&quot;:&quot;opacity-tilt&quot;}\">\n\t\t\t\t<div class=\"elementor-shape elementor-shape-top\" aria-hidden=\"true\" data-negative=\"false\">\n\t\t\t<svg xmlns=\"http:\/\/www.w3.org\/2000\/svg\" viewBox=\"0 0 2600 131.1\" preserveAspectRatio=\"none\">\n\t<path class=\"elementor-shape-fill\" d=\"M0 0L2600 0 2600 69.1 0 0z\"\/>\n\t<path class=\"elementor-shape-fill\" style=\"opacity:0.5\" d=\"M0 0L2600 0 2600 69.1 0 69.1z\"\/>\n\t<path class=\"elementor-shape-fill\" style=\"opacity:0.25\" d=\"M2600 0L0 0 0 130.1 2600 69.1z\"\/>\n<\/svg>\t\t<\/div>\n\t\t\t\t<div class=\"elementor-shape elementor-shape-bottom\" aria-hidden=\"true\" data-negative=\"false\">\n\t\t\t<svg xmlns=\"http:\/\/www.w3.org\/2000\/svg\" viewBox=\"0 0 2600 131.1\" preserveAspectRatio=\"none\">\n\t<path class=\"elementor-shape-fill\" d=\"M0 0L2600 0 2600 69.1 0 0z\"\/>\n\t<path class=\"elementor-shape-fill\" style=\"opacity:0.5\" d=\"M0 0L2600 0 2600 69.1 0 69.1z\"\/>\n\t<path class=\"elementor-shape-fill\" style=\"opacity:0.25\" d=\"M2600 0L0 0 0 130.1 2600 69.1z\"\/>\n<\/svg>\t\t<\/div>\n\t\t<div class=\"elementor-element elementor-element-58f1336 e-flex e-con-boxed wpr-particle-no wpr-jarallax-no wpr-parallax-no wpr-sticky-section-no wpr-equal-height-no e-con e-child\" data-id=\"58f1336\" data-element_type=\"container\" data-e-type=\"container\">\n\t\t\t\t\t<div class=\"e-con-inner\">\n\t\t<div class=\"elementor-element elementor-element-4fcb07f e-grid e-con-full wpr-particle-no wpr-jarallax-no wpr-parallax-no wpr-sticky-section-no wpr-equal-height-no e-con e-child\" data-id=\"4fcb07f\" data-element_type=\"container\" data-e-type=\"container\">\n\t\t\t\t<div class=\"elementor-element elementor-element-67f17c0 elementor-widget elementor-widget-spacer\" data-id=\"67f17c0\" data-element_type=\"widget\" data-e-type=\"widget\" data-widget_type=\"spacer.default\">\n\t\t\t\t<div class=\"elementor-widget-container\">\n\t\t\t\t\t\t\t<div class=\"elementor-spacer\">\n\t\t\t<div class=\"elementor-spacer-inner\"><\/div>\n\t\t<\/div>\n\t\t\t\t\t\t<\/div>\n\t\t\t\t<\/div>\n\t\t\t\t<div class=\"elementor-element elementor-element-ba94550 elementor-widget-mobile__width-inherit elementor-widget elementor-widget-text-editor\" data-id=\"ba94550\" data-element_type=\"widget\" data-e-type=\"widget\" data-widget_type=\"text-editor.default\">\n\t\t\t\t<div class=\"elementor-widget-container\">\n\t\t\t\t\t\t\t\t\t<h2>Julkisivuremontit<\/h2><p>Hyvin hoidettu ja toimiva julkisivu on ehj\u00e4n katon kanssa t\u00e4rkein asia talossa, jotta sin\u00e4 ja perheesi ette k\u00e4rsi talosta johtuvista terveysongelmista. Hyv\u00e4nn\u00e4k\u00f6inen uusittu julkisivu nostaa my\u00f6s huomattavasti talosi arvoa.<\/p><p>Me teemme sek\u00e4 huoltomaalauksia kuin uusimme koko julkisivumateriaalinkin. Usein samalla halutaan my\u00f6s s\u00e4\u00e4st\u00e4\u00e4 energiaa ja luontoa. Julkisivuremontin yhteydess\u00e4 onkin hyv\u00e4 paikka lis\u00e4t\u00e4 l\u00e4mm\u00f6neristyst\u00e4 ja\/tai vaihtaa ikkunat l\u00e4mmityskulujen pienent\u00e4miseksi edullisin kustannuksin.<\/p><p>Julkisivuremontin kestot vaihtelevat luonnollisesti riippuen siit\u00e4 mit\u00e4 tehd\u00e4\u00e4n. Pienempien toimenpiteiden kuten talojen huoltomaalausten kesto on noin 3-5 p\u00e4iv\u00e4\u00e4 riippuen talon koosta ja julkisivun kunnosta, kun taas t\u00e4ydellinen julkisivun uusiminen vie noin 2 viikkoa pientaloon.<\/p><p>Julkisivuremontin ajan on aivan mahdollista asua normaalisti. Ainoastaan rapatuissa taloissa rappauksen t\u00e4ydellinen uusiminen on meluavampi ty\u00f6vaihe, muutoin julkisivuremontti ei aiheuta hirve\u00e4sti haittaa asumiselle.<\/p>\t\t\t\t\t\t\t\t<\/div>\n\t\t\t\t<\/div>\n\t\t\t\t<\/div>\n\t\t\t\t\t<\/div>\n\t\t\t\t<\/div>\n\t\t\t\t<\/div>\n\t\t<div class=\"elementor-element elementor-element-d406a1e e-flex e-con-boxed wpr-particle-no wpr-jarallax-no wpr-parallax-no wpr-sticky-section-no wpr-equal-height-no e-con e-parent\" data-id=\"d406a1e\" data-element_type=\"container\" data-e-type=\"container\">\n\t\t\t\t\t<div class=\"e-con-inner\">\n\t\t\t\t\t<\/div>\n\t\t\t\t<\/div>\n\t\t\t\t<\/div>\n\t\t","protected":false},"excerpt":{"rendered":"<p>SANEERAUKSET Toteutamme mm. vesivahinkosaneeraukset, kattoremontit, julkisivuremontit sek\u00e4 sis\u00e4tilaremontit. Teemme huoneistoremontteja pienest\u00e4 pintaremontista isompiin huoneistosaneerauksiin. Muista my\u00f6s\u00a0kotitalousv\u00e4hennys. Ostaessa palveluja kotiin tai vapaa-ajan asunnolle, voi v\u00e4hent\u00e4\u00e4 osan kuluista verotuksessa kotitalousv\u00e4hennyksen\u00e4. Sis\u00e4remontoinnit Suunnittelemme ja toteutamme huoneisto- ja liiketila pintaremontit kaikenkattavasti avaimet k\u00e4teen periaatteella. Huoneistojen saneeraukseen voi sis\u00e4lty\u00e4 esimerkiksi parkettien vaihto, ovien, ikkunoiden, kattojen ja muiden pintojen maalausta tai vaikkapa kiintokalusteiden, ovien, listojen ym. asennusta ja vaihtoa. Teemme huoneistoremontteja pienest\u00e4 pintaremontista isompiin huoneistosaneerauksiin. Keitti\u00f6remontoinnit Toteutamme kaikki keitti\u00f6remontit \u201cavaimet\u201d k\u00e4teen periaatteella, jossa sinun ei tarvitse huolehtia kuin keitti\u00f6kalusteiden valinnasta, miss\u00e4 toki my\u00f6s autamme sinua tarvittaessa. Pyyt\u00e4m\u00e4ll\u00e4 paikan p\u00e4\u00e4lle juuri haluamasi keitti\u00f6valmistajan edustajan saa h\u00e4n my\u00f6s parhaiten kuvan mink\u00e4laiset ratkaisut sopivat juuri sinun keitti\u00f6\u00f6si. Me totta kai my\u00f6s hankimme ja tuomme paikan p\u00e4\u00e4lle kaikki keitti\u00f6kalusteet miten vain sovitaankin. Kylpyhuoneremontoinnit Kylpyhuoneremontti on rakennusteknisesti vaativin remontti kotonasi ja sen takia se onkin syyt\u00e4 j\u00e4tt\u00e4\u00e4 ammattilaisten harteille, jotta kylpyhuoneestasi tulee viihtyis\u00e4 sek\u00e4 toimiva ja ett\u00e4 se t\u00e4ytt\u00e4\u00e4 kaikki rakennusm\u00e4\u00e4r\u00e4ykset. Meill\u00e4 on kylpyhuoneremontteihin p\u00e4tev\u00e4t ja koulutetut ammattilaiset sek\u00e4 toteuttamaan, ett\u00e4 valvomaan kylpyhuoneremonttia, jotta sinun kylpyhuoneestasi tulee terveellinen ja toimiva. Pintaremontoinnit Teemme pintaremontoinnissa perinteisen maalauksen, tapetoinnin, ja lattiamateriaalien tai v\u00e4liovien vaihtojen lis\u00e4ksi sinulle my\u00f6s uusia v\u00e4liseini\u00e4, huoneita, vaatekaappeja, vaatehuoneita, parven, saunan tai mit\u00e4 vain muuta sin\u00e4 tarvitsetkin saadaksesi kodistasi sinun n\u00e4k\u00f6isen. Julkisivuremontit Hyvin hoidettu ja toimiva julkisivu on ehj\u00e4n katon kanssa t\u00e4rkein asia talossa, jotta sin\u00e4 ja perheesi ette k\u00e4rsi talosta johtuvista terveysongelmista. Hyv\u00e4nn\u00e4k\u00f6inen uusittu julkisivu nostaa my\u00f6s huomattavasti talosi arvoa. Me teemme sek\u00e4 huoltomaalauksia kuin uusimme koko julkisivumateriaalinkin. Usein samalla halutaan my\u00f6s s\u00e4\u00e4st\u00e4\u00e4 energiaa ja luontoa. Julkisivuremontin yhteydess\u00e4 onkin hyv\u00e4 paikka lis\u00e4t\u00e4 l\u00e4mm\u00f6neristyst\u00e4 ja\/tai vaihtaa ikkunat l\u00e4mmityskulujen pienent\u00e4miseksi edullisin kustannuksin. Julkisivuremontin kestot vaihtelevat luonnollisesti riippuen siit\u00e4 mit\u00e4 tehd\u00e4\u00e4n. Pienempien toimenpiteiden kuten talojen huoltomaalausten kesto on noin 3-5 p\u00e4iv\u00e4\u00e4 riippuen talon koosta ja julkisivun kunnosta, kun taas t\u00e4ydellinen julkisivun uusiminen vie noin 2 viikkoa pientaloon. Julkisivuremontin ajan on aivan mahdollista asua normaalisti. Ainoastaan rapatuissa taloissa rappauksen t\u00e4ydellinen uusiminen on meluavampi ty\u00f6vaihe, muutoin julkisivuremontti ei aiheuta hirve\u00e4sti haittaa asumiselle.<\/p>\n","protected":false},"author":1,"featured_media":0,"parent":0,"menu_order":0,"comment_status":"closed","ping_status":"closed","template":"elementor_canvas","meta":{"footnotes":""},"class_list":["post-28","page","type-page","status-publish","hentry"],"_links":{"self":[{"href":"https:\/\/hamarakennus.fi\/index.php\/wp-json\/wp\/v2\/pages\/28","targetHints":{"allow":["GET"]}}],"collection":[{"href":"https:\/\/hamarakennus.fi\/index.php\/wp-json\/wp\/v2\/pages"}],"about":[{"href":"https:\/\/hamarakennus.fi\/index.php\/wp-json\/wp\/v2\/types\/page"}],"author":[{"embeddable":true,"href":"https:\/\/hamarakennus.fi\/index.php\/wp-json\/wp\/v2\/users\/1"}],"replies":[{"embeddable":true,"href":"https:\/\/hamarakennus.fi\/index.php\/wp-json\/wp\/v2\/comments?post=28"}],"version-history":[{"count":58,"href":"https:\/\/hamarakennus.fi\/index.php\/wp-json\/wp\/v2\/pages\/28\/revisions"}],"predecessor-version":[{"id":1231,"href":"https:\/\/hamarakennus.fi\/index.php\/wp-json\/wp\/v2\/pages\/28\/revisions\/1231"}],"wp:attachment":[{"href":"https:\/\/hamarakennus.fi\/index.php\/wp-json\/wp\/v2\/media?parent=28"}],"curies":[{"name":"wp","href":"https:\/\/api.w.org\/{rel}","templated":true}]}}